{"id":50,"date":"2017-05-22T11:48:46","date_gmt":"2017-05-22T08:48:46","guid":{"rendered":"http:\/\/vilde.ee\/uusveeb\/?page_id=50"},"modified":"2025-06-16T16:09:35","modified_gmt":"2025-06-16T13:09:35","slug":"joogivalik","status":"publish","type":"page","link":"https:\/\/vilde.ee\/gb\/joogivalik\/","title":{"rendered":"Joogivalik"},"content":{"rendered":"<p><strong>HOUSE WINE<\/strong><\/p>\n<p>Pinot Grigio, Italy<br \/>\nCabernet Sauvignon, France<br \/>\n1L \u2013 19,00 \/ 0.5L \u2013 10,00 \/ 12cl \u2013 5,00<\/p>\n<p><strong>NON ALCOHOLIC DRINKS<\/strong><\/p>\n<p>Juice \u2013 2,00 \/ 3,00<br \/>\nStellar mineral water \u2013 3,00<br \/>\nCoca Cola, Zero \u2013 3,00<br \/>\nTartu lemonade &#8211; 3,00<br \/>\nKvass \u2013 3,00<br \/>\nBig Tom \u2013 4,50<br \/>\nW\u00f6sel rhubarb and raspberry lemonade \u2013 6,00<br \/>\nW\u00f6sel passionfruit and cloudberry lemonade \u2013 6,00<\/p>\n<p><strong>HOT DRINKS<\/strong><\/p>\n<p>Caffe Crema \u2013 3,00<br \/>\nEspresso \u2013 3,00<br \/>\nCappuccino \u2013 3,50<br \/>\nCaffe Latte \u2013 3,50<br \/>\nCup of tea \/ tea pot \u2013 3,00 \/ 5,00<br \/>\nIrish coffee \u2013 8,00<br \/>\nHot cocoa \u2013 3,50<\/p>\n<p><strong>STRONG ALCOHOL 4cl<\/strong><\/p>\n<p>Vodka Peninuki Tuisk \u2013 5,00<br \/>\nVodka S\u00d6UL Indigo \u2013 6,00<br \/>\nVana Tallinn Signature \u2013 7,00<br \/>\nCognac Jules Gautret VSOP \u2013 8,00<br \/>\nKonjak Hine Bonneuil 2008 Vintage \u2013 16,00<br \/>\nCalvados Boulard VSOP \u2013 6,00<br \/>\nRum Diplomatico Reserva Exclusiva \u2013 9,00<br \/>\nRum Relicario Supremo \u2013 11,00<br \/>\nWhiskey Woodford Reserve Bourbon \u2013 7,00<br \/>\nWhiskey Gentleman Jack \u2013 7,00<br \/>\nWhiskey Jura Single Malt 18yo \u2013 14,00<br \/>\nWhiskey Bruichladdich Scottish Barley Classic Laddie<strong> \u2013 <\/strong>9,00<br \/>\nWhiskey Nikka Yoichi Single Malt \u2013 13,00<br \/>\nCointreau \u2013 6,00<br \/>\nOrancello \u2013 6,00<br \/>\nMezcal \u2013 6,00<br \/>\nTequila \u2013 9,00<br \/>\nPort wine Quinta do Noval 10yo Tawny \u2013 7,00<\/p>\n<p><strong>\u00a0<\/strong><strong>BEER \/ CIDER<\/strong><\/p>\n<p>Vilde ja Vine Pale Ale \u2013 6,00<br \/>\nWarsteiner non alcoholic \u2013 4,00<br \/>\nDraft beer Alexander \u2013 5,00<br \/>\nCorona extra \u2013 4,50<br \/>\nA le Coq Imperial Gold \u2013 5,00<br \/>\nA le Coq Imperial Stout \u2013 5,00<br \/>\nP\u00fchaste Patt \u2013 6,00<br \/>\nP\u00fchaste Madame Butterfly \u2013 6,00<br \/>\nP\u00fchaste Mosaiik \u2013 6,00<br \/>\nValmiermui\u017ea Amber Lager \u2013 6,00<br \/>\nValmiermui\u017ea Dark Lager \u2013 6,00<br \/>\nH\u00e4rgm\u00e4e cider apple \/ chokeberry \/ raspberry \u2013 5,00<br \/>\nHoggy\u2019s non alcoholic \u2013 4,00<\/p>\n<p><strong>COCKTAILS<\/strong><\/p>\n<p>Gin Tonic (Crafter\u2019s, Peninuki, TOHI, Moe) \u2013 9,00<br \/>\nBacardi Cuba Libre \u2013 8,00<br \/>\nBloody Mary \u2013 8,00<br \/>\nNegroni \u2013 9,00<br \/>\nLemon \u2013 9\u20ac<br \/>\nPassionfruit \u2013 9\u20ac<br \/>\nOrange \u2013 9\u20ac<br \/>\nRaspberry \u2013 9\u20ac<br \/>\nAperol Spritz \u2013 9,00<\/p>\n<p><strong>NON ALCOHOLIC COCKTAILS<\/strong><\/p>\n<p>Peninuki Gin &amp; Tonic \u2013 8.00<br \/>\nGrapefruit\u2013 7\u20ac<br \/>\nRaspberry \u2013 7\u20ac<br \/>\nBasil \u2013 7\u20ac<br \/>\nIce cream cocktail \u2013 6.00<\/p>\n<p><strong>WINES BY GLASS<\/strong><\/p>\n<p>Sauvignon Blanc Marlborough Estate Reserve, Marlborough, New Zealand \u2013 6\/28<br \/>\nVinho Verde Quinta dos Morteiras Loureiro, Vinho Verde, Portugal \u2013 6\/30<br \/>\nAlbari\u00f1o Raimat Saira Organic, Catalonia, Spain \u2013 6\/30<br \/>\nTorre Zambra Incastro Bianco, Abruzzo, Italy &#8211; 7\/32<br \/>\nRiesling Meulenhof Feinherb, Mosel, Germany \u2013 7\/35<br \/>\nTenuta Le Velette Rasenna Orvieto Classico DOC Amabile, Umbria, Italy \u2013 7\/35<br \/>\nFelline Anarkos, Puglia, Italy \u2013 6\/30<br \/>\nGaglioppo Ippolito Liber Pater Cir\u00f2 Rosso Classico Superiore DOC, Calabria, Italy \u2013 7\/35<br \/>\nTenuta Maddalena Il Cervo Merlot IGP Alto Mincio, Lombardy, Italy \u2013 7\/35<br \/>\nCattunar Amanti Red Cuv\u00e9e, Istria, Croatia \u2013 8\/40<br \/>\nPinot Noir Klet Brda Krasno, Groi\u0161ka Brda, Slovenia \u2013 8\/40<br \/>\nTenuta Maddalena Fossedal Rosato IGP Alto Mincio, Lombardia, Italy 7\/32<br \/>\nProsecco Millesimato Spumante DOC Extra Dry, Reguta, Friuli-Venezia Giulia, Italy \u2013 6\/28<br \/>\nCava Mont-Ferrant \u201eLa Senyora\u201c Brut Nature NV, Catalonia, Spain \u2013 7\/35<br \/>\nCremant de Loire LaCheteau Blanc de Noirs Brut, Loire valley, France 7\/35<\/p>\n<p><strong>VALGED VEINID \/ WHITE WINES<\/strong><\/p>\n<p><strong><em>Itaalia \/ Italy<\/em><\/strong><\/p>\n<p>Trebbiano Cantina dei Colli Ripani Capitolo n. 5, <em>Marche<\/em> \u2013 25,00<br \/>\nGrillo Ottoventi \u201e8\u201c, <em>Sicily<\/em> \u2013 28,00<br \/>\nOttoventi Kubila Sicilia Bianco DOC BIO, <em>Sicily<\/em> \u2013 28,00<br \/>\nChardonnay Tenuta Maddalena, <em>Lombardy<\/em> &#8211; 30,00<br \/>\nVermentino Campo alle Comete Albablu Bolgheri IGT, <em>Tuscany<\/em> \u2013 35,00<br \/>\nLison Classico Savian DOCG, <em>Veneto<\/em> \u2013 35,00<br \/>\n<span style=\"font-size: revert; color: initial;\">Soave Classico Pieropan, <\/span><em style=\"font-size: revert; color: initial;\">Veneto<\/em><span style=\"font-size: revert; color: initial;\"> \u2013 35,00<br \/>\n<\/span>M\u00fcller-Thurgau Porgo dei Posseri \u201eQuaron\u201c, <em>Trentino\u2013Alto Adige<\/em> \u2013 35,00<br \/>\nPIWI Savian MyBird Bianco IGT, <em>Veneto<\/em> \u2013 40,00<br \/>\nGavi di Gavi La Meirana DOCG Broglia, <em>Piedmont<\/em> \u2013 50,00<\/p>\n<p><strong><em>Prantsusmaa \/ France<\/em><\/strong><\/p>\n<p>Luberon Blanc M. Chapoutier La Ciboise, <em>Rh<\/em><em>\u00f4<\/em><em>ne Valley<\/em> \u2013 25,00<br \/>\nChablis Jean Marc Brocard, <em>Burgundy<\/em> \u2013 40,00<br \/>\nGrenache-Vermentino M. Chapoutier Bila-Haut Occultum Lapidem White, <em>Languedoc-Roussillon<\/em> \u2013 60,00<br \/>\nChablis Premier Cru J. L. Quinson Les Joyaux, <em>Burgundy<\/em> \u2013 70,00<\/p>\n<p><strong><em>Uus-Meremaa \/ New Zealand<\/em><\/strong><\/p>\n<p>Sauvignon Blanc Marlborough Estate Reserve, <em>Marlborough<\/em> \u2013 28,00<\/p>\n<p><strong><em>Horvaatia \/ Croatia<\/em><\/strong><\/p>\n<p>Debit Ante Sladi\u0107, <em>Dalmacija<\/em> \u2013 35,00<\/p>\n<p><strong><em>Austria<\/em><\/strong><\/p>\n<p>Gr\u00fcner Veltliner Stein, <em>Kamptal<\/em> \u2013 30,00<\/p>\n<p><strong><em>Ungari \/ Hungary<\/em><\/strong><\/p>\n<p>Furmint Mad Dry, <em>Tokaj<\/em> \u2013 30,00<\/p>\n<p><strong><em>T\u0161iili \/ Chile<\/em><\/strong><\/p>\n<p>Chardonnay Cono Sur Single Vineyard, <em>Casablanca<\/em> \u2013 40,00<\/p>\n<p><strong><em>Saksamaa \/ Germany<\/em><\/strong><\/p>\n<p>Grauburgunder Urmeer L\u00f6ss, <em>Rheinhessen<\/em> \u2013 25,00<br \/>\nGew\u00fcrztraminer Trocken, Sch\u00e4fer Fr\u00f6hlich, <em>Nahe<\/em> \u2013 35,00<br \/>\nRiesling Meulenhof Feinherb, <em>Mosel<\/em> \u2013 35,00<\/p>\n<p><strong><em>Ukraina \/ Ukraine<\/em><\/strong><\/p>\n<p>Suholimanske Frumushika-Nova, <em>Odesa<\/em> \u2013 30,00<\/p>\n<p><strong><em>Hispaania \/ Spain<\/em><\/strong>:<\/p>\n<p>Xarel-lo Agusti Torello Xic, <em>Catalunya<\/em> \u2013 25,00<br \/>\nAlbari\u00f1o Raimat Saira Organic, <em>Catalunya<\/em> \u2013 28,00<br \/>\nVerdejo Ramon Bilbao, <em>Rueda<\/em> \u2013 28,00<br \/>\nMoscatel Juan Gil, <em>Jumilla DO<\/em> \u2013 28,00<br \/>\nChardonnay Enate Fermentado en Barrica, <em>Arag\u00f3n<\/em> \u2013 60,00<\/p>\n<p><strong><em>Bulgaaria \/ Bularia<\/em><\/strong><\/p>\n<p>Blanc De Noir Edoardo Miroglio, <em>Nova Zagora<\/em> \u2013 30,00<\/p>\n<p><strong><em>Austraalia<\/em><\/strong><\/p>\n<p>Riesling Domaine Tournon Mathilda, <em>Landsborough<\/em> \u2013 70,00<\/p>\n<p><strong><em>Kreeka \/ Greece<\/em><\/strong><\/p>\n<p>Assyrtiko Kir-Yianni, <em>Amyndeon<\/em> \u2013 40,00<\/p>\n<p><strong><em>Sloveenia \/ Slovenia<\/em><\/strong><\/p>\n<p>Sauvignon Blanc Verus, <em>\u0160tajerska<\/em> \u2013 30,00<br \/>\nRibolla Gialla Klet Brda Krasno, <em>Gori\u0161ka Brda<\/em> \u2013 35,00<\/p>\n<p><strong><em>Portugal<\/em><\/strong><\/p>\n<p>Quinta do Barco Pronuncia, <em>Vinho Verde<\/em>&#8211; 28,00<\/p>\n<p><strong><em>Gruusia \/ Georgia<\/em><\/strong><\/p>\n<p>Goruli Mtsvane, Chateau Mukhrani, <em>Kakheti<\/em> \u2013 35,00<\/p>\n<p><strong><em>LAV<\/em><\/strong><\/p>\n<p>Chenin Blanc Nederburg The Anchorman, <em>Western Cape<\/em> \u2013 50,00<\/p>\n<p><strong><em>USA<\/em><\/strong><\/p>\n<p>Riesling Charles Smith Kung Fu Girl, <em>Washington<\/em> \u2013 40,00<\/p>\n<p><strong>ORANGE VEINID \/ ORANGE WINES<\/strong><\/p>\n<p><strong><em>Prantsusmaa<\/em><\/strong><strong>:<\/strong><\/p>\n<p>G\u00e9rard Bertrand Orange Gold Organic, <em>Languedoc-Roussillon<\/em> \u2013 40,00<\/p>\n<p><strong>ROOSAD VEINID \/ ROS\u00c8 WINES<\/strong><\/p>\n<p><strong><em>Prantsusmaa \/ France<\/em><\/strong><\/p>\n<p>Rose D&#8217;Anjou Chateau de Fesles, <em>Loire Valley <\/em>\u2013 28,00<br \/>\nDomaine Lafage C\u00f4t\u00e9 Ros\u00e9, <em>Languedoc-Roussillon <\/em>\u2013 35,00<br \/>\nCh\u00e2teau des Ferrages Roumery, <em>C\u00f4tes de <\/em><em>Provence <\/em>\u2013 40,00<br \/>\nMinuty Ros\u00e9 et Or 2023, <em>C\u00f4tes de Provence <\/em>\u2013 70,00<\/p>\n<p><strong><em>Portugal<\/em><\/strong><\/p>\n<p>Vinho Verde \u201eArca Nova\u201c Rose, <em>Vinho Verde<\/em> \u2013 28,00<\/p>\n<p><strong><em>Itaalia<\/em><\/strong> <strong><em>\/ Italy<\/em><\/strong><\/p>\n<p>Ros\u00e9 Casal Bus\u00f3l Chiaretto Bardolino DOC Classico, <em>Veneto<\/em> \u2013 30,00<\/p>\n<p><strong><em>USA<\/em><\/strong><\/p>\n<p>Ste Michelle Rose, <em>Washington<\/em> \u2013 30,00<\/p>\n<p><strong>\u00a0<\/strong><\/p>\n<p><strong>PUNASED VEINID \/ RED WINES<\/strong><\/p>\n<p><strong><em>USA<\/em><\/strong><\/p>\n<p>Cabernet Sauvignon Ste Michelle, <em>Columbia Valley<\/em> \u2013 35,00<br \/>\nZinfandel Wente Beyer Ranch, <em>Livermore Valley AVA<\/em> \u2013 50,00<br \/>\nPinot Noir Black Stallion, <em>Napa Valley<\/em> \u2013 100,00<\/p>\n<p><strong><em>Horvaatia \/ Croatia<\/em><\/strong><\/p>\n<p>Plavina Ante Sladi\u0107, <em>Dalmacija<\/em> \u2013 40,00<\/p>\n<p><strong><em>Portugal<\/em><\/strong><\/p>\n<p>Casa de Santar Tinto, <em>D\u00e3o<\/em> \u2013 25,00<br \/>\nQuadrifolia Quinta do Vallado, <em>Douro<\/em> \u2013 35,00<\/p>\n<p><strong><em>Hispaania<\/em><\/strong> <strong><em>\/ Spain<\/em><\/strong><\/p>\n<p>Cabernet Franc Juan de Juanes, <em>Valencia<\/em> \u2013 25,00<br \/>\nGarnacha Terrai OVG, <em>Aragon, Cari\u00f1ena<\/em> \u2013 25,00<br \/>\nRamon Bilbao Crianza, <em>Rioja<\/em> \u2013 30,00<br \/>\nMencia Bodegas Godelia Viernes, <em>Bierzo<\/em> \u2013 35,00<br \/>\nMonastrell Bodegas Murviedro \u201eSericis\u201c Cepas Viejas, <em>Valencia<\/em> \u2013 35,00<br \/>\nCari\u00f1ena Nativa Care Vi\u00f1as Viejas, <em>Arag\u00f3n<\/em> \u2013 35,00<br \/>\nSyrah-Cabernet Sauvignon Miquel Jan\u00e9 Masia Cal Costas, <em>Penedes<\/em> \u2013 40,00<br \/>\nBordon Gran Reserva, <em>Rioja<\/em> \u2013 40,00<br \/>\nGarnacha Atalaya Alaya Tierra, <em>Almansa D.O.<\/em> \u2013 80,00<\/p>\n<p><strong><em>Ukraina \/ Ukraine<\/em><\/strong><\/p>\n<p>Saperavi Stakhovsky ACE, <em>Zakarpattia <\/em>\u2013 40,00<\/p>\n<p><strong><em>T\u0161iili \/ Chile<\/em><\/strong><\/p>\n<p>Pinot Noir Cono Sur 20 Barrels, <em>Casablanca<\/em> \u2013 50,00<\/p>\n<p><strong><em>Argentiina \/ Argentina<\/em><\/strong><\/p>\n<p>Malbec Famighlia Bianchi, <em>Mendoza<\/em> \u2013 30,00<\/p>\n<p><strong><em>Prantsusmaa \/ France<\/em><\/strong><\/p>\n<p>Syrah-Grenache Bourdic La Rabassi\u00e8re, <em>Languedoc-Roussillon<\/em> \u2013 30,00<br \/>\nM. Chapoutier Bila-Haut CdR Village Rouge, <em>Languedoc-Roussillon<\/em> \u2013 35,00<br \/>\nGamay Jean Perrier Cuv\u00e9e Gastronomie, <em>Savoy<\/em> \u2013 40,00<br \/>\nCru Cantemerle, <em>Bordeaux<\/em> \u2013 40,00<br \/>\nQuintessence Pierrefeu Rouge, <em>C\u00f4tes de Provence<\/em> \u2013 60,00<br \/>\nCh\u00e2teau Franc Patarabet Saint-\u00c9milion Grand Cru, <em>Bordeaux<\/em> \u2013 70,00<br \/>\nChateauneuf du Pape Vieilles Vignes Chante Cigale, <em>C\u00f4tes du Rhone<\/em> \u2013 150,00<\/p>\n<p><strong><em>Kreeka \/ Greece<\/em><\/strong><\/p>\n<p>Mavrotragano-Mandilaria Domaine Sigalas, <em>Aegean Islands<\/em> \u2013 50,00<\/p>\n<p><strong><em>Itaalia \/ Italy<\/em><\/strong><\/p>\n<p>Montepulciano Tor del Colle Biferno Rosso Riserva, <em>Molise<\/em> \u2013 25,00<br \/>\nCantina Valpantena Torre del Falasco Ripasso Superiore DOC, <em>Valpolicella<\/em> \u2013 28,00<br \/>\nNero di Troia Vigneti del Vulture Tufarello, <em>Puglia <\/em>\u2013 30,00<br \/>\nFelline Anarkos, <em>Puglia<\/em> \u2013 30,00<br \/>\nPinot Nero Porgo dei Posseri \u201eParadis\u201c, <em>Trentino-Alto Adige<\/em> \u2013 35,00<br \/>\nMerlot Tenuta Maddalena, <em>Lombardia<\/em> \u2013 35,00<br \/>\nCabernet Sauvignon Campo alle Comete Bolgheri IGT, <em>Toscana<\/em> \u201340,00<br \/>\nBarone Ricasoli Rocca Guicciarda Chianti Classico Riserva \u2013 50,00<br \/>\nNegroamaro San Marzano F, <em>Salento<\/em> \u2013 70,00<br \/>\nBarolo Enzo Boglietti DOCG Boiolo, <em>Piedmont<\/em> \u2013 70,00<br \/>\nAmarone della Valpolicella Classico DOC, Michele Castellani, <em>Veneto<\/em> \u2013 80,00<\/p>\n<p><strong><em>Austria<\/em><\/strong><\/p>\n<p>Zweigelt Kellermeister Privat Blauer, <em>Kremstal<\/em> \u2013 30,00<\/p>\n<p><strong><em>Ungari \/ Hungary<\/em><\/strong><\/p>\n<p>Cabernet Franc Takler, <em>Szeksard<\/em> \u2013 35,00<\/p>\n<p><strong><em>Sloveenia:<\/em><\/strong><\/p>\n<p>Pinot Noir Klet Brda Krasno, <em>Gori\u0161ka Brda <\/em>\u2013 40,00<\/p>\n<p><strong><em>Austraalia \/ Australia<\/em><\/strong><\/p>\n<p>Shiraz Chateau Reynella, <em>McLaren Vale<\/em> \u2013 60,00<\/p>\n<p><strong><em>Gruusia \/ Georgia <\/em><\/strong><\/p>\n<p>Shavkapito Chateau Mukhrani, <em>Kakheti<\/em> \u2013 30,00<\/p>\n<p><strong><em>LAV \/ South Africa<\/em><\/strong><\/p>\n<p>Pinotage Barista, <em>Robertson Valley<\/em> \u2013 25,00<\/p>\n<p><strong>VAHUVEINID \/ SPARKLING WINES<\/strong><\/p>\n<p>Lambrusco della Dama Lombardini Amabile, <em>Emilia-Romagna, Itaalia<\/em> \u2013 28,00<br \/>\nProsecco Millesimato Spumante DOC Extra Dry, <em>Friuli-Venezia Giuli, Itaalia<\/em> \u2013 28,00<br \/>\nCava Rose Murviedro Arts de Luna Brut Organic, <em>Valencia, Hispaania<\/em> \u2013 30,00<br \/>\nCr\u00e9mant Moutard Methode Traditionnelle Blanc de Blancs, <em>Burgundy, Prantsusmaa<\/em> \u2013 30,00<br \/>\nCava Mont-Ferrant \u201eLa Senyora\u201c Brut Nature NV, <em>Catalunya, Hispaania<\/em> \u2013 35,00<br \/>\nMethode Cap Classique Spier Brut, <em>Stellenboch, LAV<\/em> \u2013 50,00<br \/>\nChampagne Moutard Brut Grande Cuvee, <em>Prantsusmaa<\/em> \u2013 70,00<br \/>\nChampagne Barons de Rothschild Blanc de Blancs, <em>Prantsusmaa<\/em> \u2013 250,00<\/p>\n<p><strong>\u00a0<\/strong><\/p>\n<p><strong>DESSERTVEINID \/ DESSERT WINES<\/strong><\/p>\n<p>Palazzone V\u2019Indugio (Grechetto-Procanico-Malvasia), <em>Umbria<\/em> \u2013 50,00<\/p>\n","protected":false},"excerpt":{"rendered":"<p>HOUSE WINE Pinot Grigio, Italy Cabernet Sauvignon, France 1L \u2013 19,00 \/ 0.5L \u2013 10,00 \/ 12cl \u2013 5,00 NON ALCOHOLIC DRINKS Juice \u2013 2,00 \/ 3,00 Stellar mineral water \u2013 3,00 Coca Cola, Zero \u2013 3,00 Tartu lemonade &#8211; 3,00 Kvass \u2013 3,00 Big Tom \u2013 4,50 W\u00f6sel rhubarb and raspberry lemonade \u2013 6,00 [&hellip;]<\/p>\n","protected":false},"author":1,"featured_media":672,"parent":0,"menu_order":0,"comment_status":"closed","ping_status":"closed","template":"","meta":[],"translation":{"provider":"WPGlobus","version":"2.10.10","language":"gb","enabled_languages":["et","gb"],"languages":{"et":{"title":true,"content":true,"excerpt":false},"gb":{"title":false,"content":true,"excerpt":false}}},"acf":[],"_links":{"self":[{"href":"https:\/\/vilde.ee\/gb\/wp-json\/wp\/v2\/pages\/50"}],"collection":[{"href":"https:\/\/vilde.ee\/gb\/wp-json\/wp\/v2\/pages"}],"about":[{"href":"https:\/\/vilde.ee\/gb\/wp-json\/wp\/v2\/types\/page"}],"author":[{"embeddable":true,"href":"https:\/\/vilde.ee\/gb\/wp-json\/wp\/v2\/users\/1"}],"replies":[{"embeddable":true,"href":"https:\/\/vilde.ee\/gb\/wp-json\/wp\/v2\/comments?post=50"}],"version-history":[{"count":34,"href":"https:\/\/vilde.ee\/gb\/wp-json\/wp\/v2\/pages\/50\/revisions"}],"predecessor-version":[{"id":3310,"href":"https:\/\/vilde.ee\/gb\/wp-json\/wp\/v2\/pages\/50\/revisions\/3310"}],"wp:featuredmedia":[{"embeddable":true,"href":"https:\/\/vilde.ee\/gb\/wp-json\/wp\/v2\/media\/672"}],"wp:attachment":[{"href":"https:\/\/vilde.ee\/gb\/wp-json\/wp\/v2\/media?parent=50"}],"curies":[{"name":"wp","href":"https:\/\/api.w.org\/{rel}","templated":true}]}}